{"id":766,"date":"2022-03-21T17:53:31","date_gmt":"2022-03-21T17:53:31","guid":{"rendered":"https:\/\/spicybubble.com\/?page_id=766"},"modified":"2022-07-28T20:19:33","modified_gmt":"2022-07-28T20:19:33","slug":"khoros","status":"publish","type":"page","link":"https:\/\/spicybubble.com\/en\/khoros\/","title":{"rendered":"Khoros"},"content":{"rendered":"<div data-elementor-type=\"wp-page\" data-elementor-id=\"766\" class=\"elementor elementor-766\">\n\t\t\t\t\t\t<section class=\"elementor-section elementor-top-section elementor-element elementor-element-1630cb04 elementor-section-height-min-height elementor-section-boxed elementor-section-height-default elementor-section-items-middle\" data-id=\"1630cb04\" data-element_type=\"section\" data-e-type=\"section\" data-settings=\"{&quot;background_background&quot;:&quot;classic&quot;}\">\n\t\t\t\t\t\t\t<div class=\"elementor-background-overlay\"><\/div>\n\t\t\t\t\t\t\t<div class=\"elementor-container elementor-column-gap-default\">\n\t\t\t\t\t<div class=\"elementor-column elementor-col-100 elementor-top-column elementor-element elementor-element-5ad417d8\" data-id=\"5ad417d8\" data-element_type=\"column\" data-e-type=\"column\">\n\t\t\t<div class=\"elementor-widget-wrap elementor-element-populated\">\n\t\t\t\t\t\t<div class=\"elementor-element elementor-element-1ebb84cf elementor-widget elementor-widget-image\" data-id=\"1ebb84cf\" data-element_type=\"widget\" data-e-type=\"widget\" data-widget_type=\"image.default\">\n\t\t\t\t<div class=\"elementor-widget-container\">\n\t\t\t\t\t\t\t\t\t\t\t\t\t\t\t<img fetchpriority=\"high\" decoding=\"async\" width=\"1024\" height=\"576\" src=\"https:\/\/spicybubble.com\/wp-content\/uploads\/2022\/02\/Biblioteca-Khoros-Logo-1280x720-1-1024x576.png\" class=\"attachment-large size-large wp-image-519\" alt=\"\" srcset=\"https:\/\/spicybubble.com\/wp-content\/uploads\/2022\/02\/Biblioteca-Khoros-Logo-1280x720-1-1024x576.png 1024w, https:\/\/spicybubble.com\/wp-content\/uploads\/2022\/02\/Biblioteca-Khoros-Logo-1280x720-1-300x169.png 300w, https:\/\/spicybubble.com\/wp-content\/uploads\/2022\/02\/Biblioteca-Khoros-Logo-1280x720-1-768x432.png 768w, https:\/\/spicybubble.com\/wp-content\/uploads\/2022\/02\/Biblioteca-Khoros-Logo-1280x720-1.png 1280w\" sizes=\"(max-width: 1024px) 100vw, 1024px\" \/>\t\t\t\t\t\t\t\t\t\t\t\t\t\t\t<\/div>\n\t\t\t\t<\/div>\n\t\t\t\t\t<\/div>\n\t\t<\/div>\n\t\t\t\t\t<\/div>\n\t\t<\/section>\n\t\t\t\t<section class=\"elementor-section elementor-top-section elementor-element elementor-element-4f3eabff elementor-section-boxed elementor-section-height-default elementor-section-height-default\" data-id=\"4f3eabff\" data-element_type=\"section\" data-e-type=\"section\">\n\t\t\t\t\t\t<div class=\"elementor-container elementor-column-gap-default\">\n\t\t\t\t\t<div class=\"elementor-column elementor-col-100 elementor-top-column elementor-element elementor-element-5f7ddf0a\" data-id=\"5f7ddf0a\" data-element_type=\"column\" data-e-type=\"column\">\n\t\t\t<div class=\"elementor-widget-wrap elementor-element-populated\">\n\t\t\t\t\t\t<section class=\"elementor-section elementor-inner-section elementor-element elementor-element-193d048f elementor-section-boxed elementor-section-height-default elementor-section-height-default\" data-id=\"193d048f\" data-element_type=\"section\" data-e-type=\"section\">\n\t\t\t\t\t\t<div class=\"elementor-container elementor-column-gap-default\">\n\t\t\t\t\t<div class=\"elementor-column elementor-col-50 elementor-inner-column elementor-element elementor-element-3815fdf2\" data-id=\"3815fdf2\" data-element_type=\"column\" data-e-type=\"column\">\n\t\t\t<div class=\"elementor-widget-wrap elementor-element-populated\">\n\t\t\t\t\t\t<div class=\"elementor-element elementor-element-73c1c314 elementor-hidden-mobile elementor-widget elementor-widget-image\" data-id=\"73c1c314\" data-element_type=\"widget\" data-e-type=\"widget\" data-widget_type=\"image.default\">\n\t\t\t\t<div class=\"elementor-widget-container\">\n\t\t\t\t\t\t\t\t\t\t\t\t\t\t\t<img decoding=\"async\" width=\"850\" height=\"850\" src=\"https:\/\/spicybubble.com\/wp-content\/uploads\/2022\/03\/khoros-Nota-web.png\" class=\"attachment-full size-full wp-image-792\" alt=\"\" srcset=\"https:\/\/spicybubble.com\/wp-content\/uploads\/2022\/03\/khoros-Nota-web.png 850w, https:\/\/spicybubble.com\/wp-content\/uploads\/2022\/03\/khoros-Nota-web-300x300.png 300w, https:\/\/spicybubble.com\/wp-content\/uploads\/2022\/03\/khoros-Nota-web-150x150.png 150w, https:\/\/spicybubble.com\/wp-content\/uploads\/2022\/03\/khoros-Nota-web-768x768.png 768w\" sizes=\"(max-width: 850px) 100vw, 850px\" \/>\t\t\t\t\t\t\t\t\t\t\t\t\t\t\t<\/div>\n\t\t\t\t<\/div>\n\t\t\t\t\t<\/div>\n\t\t<\/div>\n\t\t\t\t<div class=\"elementor-column elementor-col-50 elementor-inner-column elementor-element elementor-element-448e5c8e\" data-id=\"448e5c8e\" data-element_type=\"column\" data-e-type=\"column\">\n\t\t\t<div class=\"elementor-widget-wrap elementor-element-populated\">\n\t\t\t\t\t\t<div class=\"elementor-element elementor-element-45978f49 elementor-widget elementor-widget-text-editor\" data-id=\"45978f49\" data-element_type=\"widget\" data-e-type=\"widget\" data-widget_type=\"text-editor.default\">\n\t\t\t\t<div class=\"elementor-widget-container\">\n\t\t\t\t\t\t\t\t\t<p>Khoros, \u00a1La ciudad capital del teatro Griego! Los m\u00e1s grandes actores y actrices del mundo prueban suerte entre sus muros. Gu\u00eda a Ere hacia la glor\u00eda interpretando obras de los mayores dramaturgos del momento. \u00a1Re\u00fane un legendario elenco y \u00e1lzate frente a los directores m\u00e1s exigentes!<\/p><p>Take the limelight away from your enemies, beware of aristocrats who want to see you fall, combine the special skills of your cast, use your wit to perform hundreds of plays both comedies and tragedies.<\/p><p>It leads Ere to be awarded as a hero of the theater before the Gods themselves.<\/p>\t\t\t\t\t\t\t\t<\/div>\n\t\t\t\t<\/div>\n\t\t\t\t<div class=\"elementor-element elementor-element-45d543b6 elementor-align-center elementor-widget elementor-widget-button\" data-id=\"45d543b6\" data-element_type=\"widget\" data-e-type=\"widget\" data-no-translation=\"\" data-widget_type=\"button.default\">\n\t\t\t\t<div class=\"elementor-widget-container\">\n\t\t\t\t\t<style>.elementor-element-45d543b6{display:none !important}<\/style>\t\t\t\t<\/div>\n\t\t\t\t<\/div>\n\t\t\t\t<div class=\"elementor-element elementor-element-ad915ac elementor-align-center elementor-widget elementor-widget-button\" data-id=\"ad915ac\" data-element_type=\"widget\" data-e-type=\"widget\" data-no-translation=\"\" data-widget_type=\"button.default\">\n\t\t\t\t<div class=\"elementor-widget-container\">\n\t\t\t\t\t\t\t\t\t<div class=\"elementor-button-wrapper\">\n\t\t\t\t\t<a class=\"elementor-button elementor-button-link elementor-size-lg\" href=\"\/presskit-khoros\/index_en.html\" target=\"_blank\">\n\t\t\t\t\t\t<span class=\"elementor-button-content-wrapper\">\n\t\t\t\t\t\t\t\t\t<span class=\"elementor-button-text\">PressKit<\/span>\n\t\t\t\t\t<\/span>\n\t\t\t\t\t<\/a>\n\t\t\t\t<\/div>\n\t\t\t\t\t\t\t\t<\/div>\n\t\t\t\t<\/div>\n\t\t\t\t<div class=\"elementor-element elementor-element-5b8d9c0f elementor-align-center elementor-widget elementor-widget-button\" data-id=\"5b8d9c0f\" data-element_type=\"widget\" data-e-type=\"widget\" data-widget_type=\"button.default\">\n\t\t\t\t<div class=\"elementor-widget-container\">\n\t\t\t\t\t\t\t\t\t<div class=\"elementor-button-wrapper\">\n\t\t\t\t\t<a class=\"elementor-button elementor-button-link elementor-size-lg\" href=\"https:\/\/store.steampowered.com\/app\/1843780\/Khoros\/\" target=\"_blank\">\n\t\t\t\t\t\t<span class=\"elementor-button-content-wrapper\">\n\t\t\t\t\t\t<span class=\"elementor-button-icon\">\n\t\t\t\t<i aria-hidden=\"true\" class=\"fab fa-steam\"><\/i>\t\t\t<\/span>\n\t\t\t\t\t\t\t\t\t<span class=\"elementor-button-text\">Steam Page<\/span>\n\t\t\t\t\t<\/span>\n\t\t\t\t\t<\/a>\n\t\t\t\t<\/div>\n\t\t\t\t\t\t\t\t<\/div>\n\t\t\t\t<\/div>\n\t\t\t\t\t<\/div>\n\t\t<\/div>\n\t\t\t\t\t<\/div>\n\t\t<\/section>\n\t\t\t\t<div class=\"elementor-element elementor-element-7d8a9802 elementor-widget elementor-widget-gallery\" data-id=\"7d8a9802\" data-element_type=\"widget\" data-e-type=\"widget\" data-settings=\"{&quot;columns&quot;:6,&quot;gap&quot;:{&quot;unit&quot;:&quot;px&quot;,&quot;size&quot;:0,&quot;sizes&quot;:[]},&quot;image_hover_animation&quot;:&quot;grow&quot;,&quot;lazyload&quot;:&quot;yes&quot;,&quot;gallery_layout&quot;:&quot;grid&quot;,&quot;columns_tablet&quot;:2,&quot;columns_mobile&quot;:1,&quot;gap_tablet&quot;:{&quot;unit&quot;:&quot;px&quot;,&quot;size&quot;:10,&quot;sizes&quot;:[]},&quot;gap_mobile&quot;:{&quot;unit&quot;:&quot;px&quot;,&quot;size&quot;:10,&quot;sizes&quot;:[]},&quot;link_to&quot;:&quot;file&quot;,&quot;aspect_ratio&quot;:&quot;3:2&quot;,&quot;overlay_background&quot;:&quot;yes&quot;,&quot;content_hover_animation&quot;:&quot;fade-in&quot;}\" data-widget_type=\"gallery.default\">\n\t\t\t\t<div class=\"elementor-widget-container\">\n\t\t\t\t\t\t\t<div class=\"elementor-gallery__container\">\n\t\t\t\t\t\t\t<a class=\"e-gallery-item elementor-gallery-item elementor-animated-content\" href=\"https:\/\/spicybubble.com\/wp-content\/uploads\/2022\/03\/ScreenShoot-2.png\" data-elementor-open-lightbox=\"yes\" data-elementor-lightbox-slideshow=\"all-7d8a9802\" data-elementor-lightbox-title=\"ScreenShoot 2\" data-e-action-hash=\"#elementor-action%3Aaction%3Dlightbox%26settings%3DeyJpZCI6ODUyLCJ1cmwiOiJodHRwczpcL1wvc3BpY3lidWJibGUuY29tXC93cC1jb250ZW50XC91cGxvYWRzXC8yMDIyXC8wM1wvU2NyZWVuU2hvb3QtMi5wbmciLCJzbGlkZXNob3ciOiJhbGwtN2Q4YTk4MDIifQ%3D%3D\">\n\t\t\t\t\t<div class=\"e-gallery-image elementor-gallery-item__image\" data-thumbnail=\"https:\/\/spicybubble.com\/wp-content\/uploads\/2022\/03\/ScreenShoot-2-300x169.png\" data-width=\"300\" data-height=\"169\" alt=\"\" ><\/div>\n\t\t\t\t\t\t\t\t\t\t\t<div class=\"elementor-gallery-item__overlay\"><\/div>\n\t\t\t\t\t\t\t\t\t\t\t\t\t\t<\/a>\n\t\t\t\t\t\t\t<a class=\"e-gallery-item elementor-gallery-item elementor-animated-content\" href=\"https:\/\/spicybubble.com\/wp-content\/uploads\/2022\/03\/ScreenShoot-3.png\" data-elementor-open-lightbox=\"yes\" data-elementor-lightbox-slideshow=\"all-7d8a9802\" data-elementor-lightbox-title=\"ScreenShoot 3\" data-e-action-hash=\"#elementor-action%3Aaction%3Dlightbox%26settings%3DeyJpZCI6ODUzLCJ1cmwiOiJodHRwczpcL1wvc3BpY3lidWJibGUuY29tXC93cC1jb250ZW50XC91cGxvYWRzXC8yMDIyXC8wM1wvU2NyZWVuU2hvb3QtMy5wbmciLCJzbGlkZXNob3ciOiJhbGwtN2Q4YTk4MDIifQ%3D%3D\">\n\t\t\t\t\t<div class=\"e-gallery-image elementor-gallery-item__image\" data-thumbnail=\"https:\/\/spicybubble.com\/wp-content\/uploads\/2022\/03\/ScreenShoot-3-300x169.png\" data-width=\"300\" data-height=\"169\" alt=\"\" ><\/div>\n\t\t\t\t\t\t\t\t\t\t\t<div class=\"elementor-gallery-item__overlay\"><\/div>\n\t\t\t\t\t\t\t\t\t\t\t\t\t\t<\/a>\n\t\t\t\t\t\t\t<a class=\"e-gallery-item elementor-gallery-item elementor-animated-content\" href=\"https:\/\/spicybubble.com\/wp-content\/uploads\/2022\/03\/ScreenShoot-6.png\" data-elementor-open-lightbox=\"yes\" data-elementor-lightbox-slideshow=\"all-7d8a9802\" data-elementor-lightbox-title=\"ScreenShoot 6\" data-e-action-hash=\"#elementor-action%3Aaction%3Dlightbox%26settings%3DeyJpZCI6ODU1LCJ1cmwiOiJodHRwczpcL1wvc3BpY3lidWJibGUuY29tXC93cC1jb250ZW50XC91cGxvYWRzXC8yMDIyXC8wM1wvU2NyZWVuU2hvb3QtNi5wbmciLCJzbGlkZXNob3ciOiJhbGwtN2Q4YTk4MDIifQ%3D%3D\">\n\t\t\t\t\t<div class=\"e-gallery-image elementor-gallery-item__image\" data-thumbnail=\"https:\/\/spicybubble.com\/wp-content\/uploads\/2022\/03\/ScreenShoot-6-300x169.png\" data-width=\"300\" data-height=\"169\" alt=\"\" ><\/div>\n\t\t\t\t\t\t\t\t\t\t\t<div class=\"elementor-gallery-item__overlay\"><\/div>\n\t\t\t\t\t\t\t\t\t\t\t\t\t\t<\/a>\n\t\t\t\t\t\t\t<a class=\"e-gallery-item elementor-gallery-item elementor-animated-content\" href=\"https:\/\/spicybubble.com\/wp-content\/uploads\/2022\/03\/ScreenShoot-8.png\" data-elementor-open-lightbox=\"yes\" data-elementor-lightbox-slideshow=\"all-7d8a9802\" data-elementor-lightbox-title=\"ScreenShoot 8\" data-e-action-hash=\"#elementor-action%3Aaction%3Dlightbox%26settings%3DeyJpZCI6ODU2LCJ1cmwiOiJodHRwczpcL1wvc3BpY3lidWJibGUuY29tXC93cC1jb250ZW50XC91cGxvYWRzXC8yMDIyXC8wM1wvU2NyZWVuU2hvb3QtOC5wbmciLCJzbGlkZXNob3ciOiJhbGwtN2Q4YTk4MDIifQ%3D%3D\">\n\t\t\t\t\t<div class=\"e-gallery-image elementor-gallery-item__image\" data-thumbnail=\"https:\/\/spicybubble.com\/wp-content\/uploads\/2022\/03\/ScreenShoot-8-300x169.png\" data-width=\"300\" data-height=\"169\" alt=\"\" ><\/div>\n\t\t\t\t\t\t\t\t\t\t\t<div class=\"elementor-gallery-item__overlay\"><\/div>\n\t\t\t\t\t\t\t\t\t\t\t\t\t\t<\/a>\n\t\t\t\t\t\t\t<a class=\"e-gallery-item elementor-gallery-item elementor-animated-content\" href=\"https:\/\/spicybubble.com\/wp-content\/uploads\/2022\/03\/ScreenShoot-9-1.png\" data-elementor-open-lightbox=\"yes\" data-elementor-lightbox-slideshow=\"all-7d8a9802\" data-elementor-lightbox-title=\"ScreenShoot 9\" data-e-action-hash=\"#elementor-action%3Aaction%3Dlightbox%26settings%3DeyJpZCI6ODU3LCJ1cmwiOiJodHRwczpcL1wvc3BpY3lidWJibGUuY29tXC93cC1jb250ZW50XC91cGxvYWRzXC8yMDIyXC8wM1wvU2NyZWVuU2hvb3QtOS0xLnBuZyIsInNsaWRlc2hvdyI6ImFsbC03ZDhhOTgwMiJ9\">\n\t\t\t\t\t<div class=\"e-gallery-image elementor-gallery-item__image\" data-thumbnail=\"https:\/\/spicybubble.com\/wp-content\/uploads\/2022\/03\/ScreenShoot-9-1-300x169.png\" data-width=\"300\" data-height=\"169\" alt=\"\" ><\/div>\n\t\t\t\t\t\t\t\t\t\t\t<div class=\"elementor-gallery-item__overlay\"><\/div>\n\t\t\t\t\t\t\t\t\t\t\t\t\t\t<\/a>\n\t\t\t\t\t\t\t<a class=\"e-gallery-item elementor-gallery-item elementor-animated-content\" href=\"https:\/\/spicybubble.com\/wp-content\/uploads\/2022\/03\/ScreenShoot-10.png\" data-elementor-open-lightbox=\"yes\" data-elementor-lightbox-slideshow=\"all-7d8a9802\" data-elementor-lightbox-title=\"ScreenShoot 10\" data-e-action-hash=\"#elementor-action%3Aaction%3Dlightbox%26settings%3DeyJpZCI6ODU4LCJ1cmwiOiJodHRwczpcL1wvc3BpY3lidWJibGUuY29tXC93cC1jb250ZW50XC91cGxvYWRzXC8yMDIyXC8wM1wvU2NyZWVuU2hvb3QtMTAucG5nIiwic2xpZGVzaG93IjoiYWxsLTdkOGE5ODAyIn0%3D\">\n\t\t\t\t\t<div class=\"e-gallery-image elementor-gallery-item__image\" data-thumbnail=\"https:\/\/spicybubble.com\/wp-content\/uploads\/2022\/03\/ScreenShoot-10-300x169.png\" data-width=\"300\" data-height=\"169\" alt=\"\" ><\/div>\n\t\t\t\t\t\t\t\t\t\t\t<div class=\"elementor-gallery-item__overlay\"><\/div>\n\t\t\t\t\t\t\t\t\t\t\t\t\t\t<\/a>\n\t\t\t\t\t<\/div>\n\t\t\t\t\t<\/div>\n\t\t\t\t<\/div>\n\t\t\t\t\t<\/div>\n\t\t<\/div>\n\t\t\t\t\t<\/div>\n\t\t<\/section>\n\t\t\t\t<\/div>","protected":false},"excerpt":{"rendered":"<p>Khoros, \u00a1La ciudad capital del teatro Griego! Los m\u00e1s grandes actores y actrices del mundo prueban suerte entre sus muros. Gu\u00eda a Ere hacia la glor\u00eda interpretando obras de los mayores dramaturgos del momento. \u00a1Re\u00fane un legendario elenco y \u00e1lzate frente a los directores m\u00e1s exigentes! Qu\u00edtale el protagonismo a tus enemigos, cu\u00eddate de arist\u00f3cratas [&hellip;]<\/p>\n","protected":false},"author":1,"featured_media":0,"parent":0,"menu_order":0,"comment_status":"closed","ping_status":"closed","template":"","meta":{"site-sidebar-layout":"no-sidebar","site-content-layout":"page-builder","ast-site-content-layout":"default","site-content-style":"default","site-sidebar-style":"default","ast-global-header-display":"","ast-banner-title-visibility":"","ast-main-header-display":"","ast-hfb-above-header-display":"","ast-hfb-below-header-display":"","ast-hfb-mobile-header-display":"","site-post-title":"disabled","ast-breadcrumbs-content":"","ast-featured-img":"disabled","footer-sml-layout":"","ast-disable-related-posts":"","theme-transparent-header-meta":"","adv-header-id-meta":"","stick-header-meta":"","header-above-stick-meta":"","header-main-stick-meta":"","header-below-stick-meta":"","astra-migrate-meta-layouts":"default","ast-page-background-enabled":"default","ast-page-background-meta":{"desktop":{"background-color":"","background-image":"","background-repeat":"repeat","background-position":"center center","background-size":"auto","background-attachment":"scroll","background-type":"","background-media":"","overlay-type":"","overlay-color":"","overlay-opacity":"","overlay-gradient":""},"tablet":{"background-color":"","background-image":"","background-repeat":"repeat","background-position":"center center","background-size":"auto","background-attachment":"scroll","background-type":"","background-media":"","overlay-type":"","overlay-color":"","overlay-opacity":"","overlay-gradient":""},"mobile":{"background-color":"","background-image":"","background-repeat":"repeat","background-position":"center center","background-size":"auto","background-attachment":"scroll","background-type":"","background-media":"","overlay-type":"","overlay-color":"","overlay-opacity":"","overlay-gradient":""}},"ast-content-background-meta":{"desktop":{"background-color":"var(--ast-global-color-5)","background-image":"","background-repeat":"repeat","background-position":"center center","background-size":"auto","background-attachment":"scroll","background-type":"","background-media":"","overlay-type":"","overlay-color":"","overlay-opacity":"","overlay-gradient":""},"tablet":{"background-color":"var(--ast-global-color-5)","background-image":"","background-repeat":"repeat","background-position":"center center","background-size":"auto","background-attachment":"scroll","background-type":"","background-media":"","overlay-type":"","overlay-color":"","overlay-opacity":"","overlay-gradient":""},"mobile":{"background-color":"var(--ast-global-color-5)","background-image":"","background-repeat":"repeat","background-position":"center center","background-size":"auto","background-attachment":"scroll","background-type":"","background-media":"","overlay-type":"","overlay-color":"","overlay-opacity":"","overlay-gradient":""}},"footnotes":""},"class_list":["post-766","page","type-page","status-publish","hentry"],"_links":{"self":[{"href":"https:\/\/spicybubble.com\/en\/wp-json\/wp\/v2\/pages\/766","targetHints":{"allow":["GET"]}}],"collection":[{"href":"https:\/\/spicybubble.com\/en\/wp-json\/wp\/v2\/pages"}],"about":[{"href":"https:\/\/spicybubble.com\/en\/wp-json\/wp\/v2\/types\/page"}],"author":[{"embeddable":true,"href":"https:\/\/spicybubble.com\/en\/wp-json\/wp\/v2\/users\/1"}],"replies":[{"embeddable":true,"href":"https:\/\/spicybubble.com\/en\/wp-json\/wp\/v2\/comments?post=766"}],"version-history":[{"count":68,"href":"https:\/\/spicybubble.com\/en\/wp-json\/wp\/v2\/pages\/766\/revisions"}],"predecessor-version":[{"id":1262,"href":"https:\/\/spicybubble.com\/en\/wp-json\/wp\/v2\/pages\/766\/revisions\/1262"}],"wp:attachment":[{"href":"https:\/\/spicybubble.com\/en\/wp-json\/wp\/v2\/media?parent=766"}],"curies":[{"name":"wp","href":"https:\/\/api.w.org\/{rel}","templated":true}]}}